{"id":308,"date":"2020-01-13T11:17:52","date_gmt":"2020-01-13T11:17:52","guid":{"rendered":"https:\/\/demosites.io\/web-agency-gb\/?page_id=5"},"modified":"2024-11-09T00:17:34","modified_gmt":"2024-11-09T00:17:34","slug":"15c42-web-agency-gb-home","status":"publish","type":"page","link":"https:\/\/itstop.at\/","title":{"rendered":"Home"},"content":{"rendered":"\n<p><\/p>\n\n\n\n<section id=\"wp-block-themeisle-blocks-advanced-columns-6e7afea9\" class=\"wp-block-themeisle-blocks-advanced-columns alignfull has-1-columns has-desktop-equal-layout has-tablet-equal-layout has-mobile-equal-layout has-vertical-flex-start has-light-bg\"><div class=\"wp-block-themeisle-blocks-advanced-columns-overlay\"><\/div><div class=\"innerblocks-wrap\">\n<div id=\"wp-block-themeisle-blocks-advanced-column-c4b71378\" class=\"wp-block-themeisle-blocks-advanced-column\">\n<section id=\"wp-block-themeisle-blocks-advanced-columns-c9de47f3\" class=\"wp-block-themeisle-blocks-advanced-columns has-2-columns has-desktop-equal-layout has-tablet-equal-layout has-mobile-collapsedRows-layout has-vertical-center\"><div class=\"wp-block-themeisle-blocks-advanced-columns-overlay\"><\/div><div class=\"innerblocks-wrap\">\n<div id=\"wp-block-themeisle-blocks-advanced-column-8efaaa45\" class=\"wp-block-themeisle-blocks-advanced-column\">\n<p><strong>ITStop<\/strong><\/p>\n\n\n\n<h2 class=\"wp-block-heading has-text-align-left has-text-color has-link-color wp-elements-ab4e8815baae847a9c6cc4cef09d9aa5\" style=\"color:#080808\">Unser Prinzip<\/h2>\n\n\n\n<p class=\"has-text-align-left has-text-color has-link-color wp-elements-e5dee0d4a94bd895597460bf90505e87\" style=\"color:#080808\">Im digitalen Zeitalter angekommen ist es f\u00fcr uns alle entscheidend, dass uns unsere Ger\u00e4te und Anwendungen das Leben erleichtern anstatt uns im Weg zu stehen.<\/p>\n\n\n\n<p>Wir m\u00f6chten alles daran setzen, digitale Blockaden f\u00fcr unsere Kundinnen und Kunden aus der Welt zu schaffen. Dabei steht f\u00fcr uns sowohl die Qualit\u00e4t, als auch die Individualit\u00e4t der L\u00f6sungswege im Fokus.<\/p>\n\n\n\n<p class=\"has-text-color has-link-color wp-elements-1451ba88a38d33f1ed69aa0850ce87e1\" style=\"color:#080808\"><\/p>\n<\/div>\n\n\n\n<div id=\"wp-block-themeisle-blocks-advanced-column-1a3e76e1\" class=\"wp-block-themeisle-blocks-advanced-column\">\n<div class=\"wp-block-cover\" style=\"min-height:458px;aspect-ratio:unset;\"><span aria-hidden=\"true\" class=\"wp-block-cover__background has-background-dim\"><\/span><img loading=\"lazy\" decoding=\"async\" width=\"1024\" height=\"681\" class=\"wp-block-cover__image-background wp-image-43\" alt=\"\" src=\"https:\/\/itstop.at\/wp-content\/uploads\/2024\/09\/Banner-1024x681.jpg\" data-object-fit=\"cover\" srcset=\"https:\/\/itstop.at\/wp-content\/uploads\/2024\/09\/Banner-1024x681.jpg 1024w, https:\/\/itstop.at\/wp-content\/uploads\/2024\/09\/Banner-300x200.jpg 300w, https:\/\/itstop.at\/wp-content\/uploads\/2024\/09\/Banner-768x511.jpg 768w, https:\/\/itstop.at\/wp-content\/uploads\/2024\/09\/Banner-1536x1022.jpg 1536w, https:\/\/itstop.at\/wp-content\/uploads\/2024\/09\/Banner-2048x1363.jpg 2048w, https:\/\/itstop.at\/wp-content\/uploads\/2024\/09\/Banner-360x240.jpg 360w\" sizes=\"auto, (max-width: 1024px) 100vw, 1024px\" \/><div class=\"wp-block-cover__inner-container is-layout-flow wp-block-cover-is-layout-flow\">\n<p class=\"has-text-align-center has-large-font-size\"><\/p>\n<\/div><\/div>\n<\/div>\n<\/div><\/section>\n<\/div>\n<\/div><\/section>\n\n\n\n<section id=\"wp-block-themeisle-blocks-advanced-columns-990a718e\" class=\"wp-block-themeisle-blocks-advanced-columns alignfull has-2-columns has-desktop-equal-layout has-tablet-equal-layout has-mobile-collapsedRows-layout has-vertical-center has-light-bg\"><div class=\"wp-block-themeisle-blocks-advanced-columns-overlay\"><\/div><div class=\"innerblocks-wrap\">\n<div id=\"wp-block-themeisle-blocks-advanced-column-73e5b683\" class=\"wp-block-themeisle-blocks-advanced-column\">\n<figure class=\"wp-block-image size-full\"><img loading=\"lazy\" decoding=\"async\" width=\"490\" height=\"497\" src=\"https:\/\/itstop.at\/wp-content\/uploads\/2024\/09\/Location.png\" alt=\"\" class=\"wp-image-337\" srcset=\"https:\/\/itstop.at\/wp-content\/uploads\/2024\/09\/Location.png 490w, https:\/\/itstop.at\/wp-content\/uploads\/2024\/09\/Location-296x300.png 296w\" sizes=\"auto, (max-width: 490px) 100vw, 490px\" \/><\/figure>\n<\/div>\n\n\n\n<div id=\"wp-block-themeisle-blocks-advanced-column-d2ab60f9\" class=\"wp-block-themeisle-blocks-advanced-column has-light-bg\">\n<h2 class=\"wp-block-heading has-text-align-left\">Wo Sie uns finden<\/h2>\n\n\n\n<p>(<a href=\"https:\/\/its.sh\/kontakt\">Kontaktkarte<\/a>)<\/p>\n\n\n\n<p><\/p>\n\n\n\n<div id=\"wp-block-themeisle-blocks-advanced-heading-60814737\" class=\"wp-block-themeisle-blocks-advanced-heading wp-block-themeisle-blocks-advanced-heading-60814737\"><strong>ITStop e.u.<\/strong><\/div>\n\n\n\n<p>Tragweiner Stra\u00dfe 18<br>A-4230 Pregarten<\/p>\n\n\n\n<p><\/p>\n\n\n\n<div id=\"wp-block-themeisle-blocks-advanced-heading-13fcfd84\" class=\"wp-block-themeisle-blocks-advanced-heading wp-block-themeisle-blocks-advanced-heading-13fcfd84\"><strong>TELEFON<\/strong><\/div>\n\n\n\n<p>+43 680 2271333<\/p>\n<\/div>\n<\/div><\/section>\n","protected":false},"excerpt":{"rendered":"","protected":false},"author":1,"featured_media":0,"parent":0,"menu_order":0,"comment_status":"closed","ping_status":"closed","template":"","meta":{"_themeisle_gutenberg_block_has_review":false,"footnotes":""},"class_list":["post-308","page","type-page","status-publish","hentry"],"_links":{"self":[{"href":"https:\/\/itstop.at\/index.php?rest_route=\/wp\/v2\/pages\/308","targetHints":{"allow":["GET"]}}],"collection":[{"href":"https:\/\/itstop.at\/index.php?rest_route=\/wp\/v2\/pages"}],"about":[{"href":"https:\/\/itstop.at\/index.php?rest_route=\/wp\/v2\/types\/page"}],"author":[{"embeddable":true,"href":"https:\/\/itstop.at\/index.php?rest_route=\/wp\/v2\/users\/1"}],"replies":[{"embeddable":true,"href":"https:\/\/itstop.at\/index.php?rest_route=%2Fwp%2Fv2%2Fcomments&post=308"}],"version-history":[{"count":14,"href":"https:\/\/itstop.at\/index.php?rest_route=\/wp\/v2\/pages\/308\/revisions"}],"predecessor-version":[{"id":365,"href":"https:\/\/itstop.at\/index.php?rest_route=\/wp\/v2\/pages\/308\/revisions\/365"}],"wp:attachment":[{"href":"https:\/\/itstop.at\/index.php?rest_route=%2Fwp%2Fv2%2Fmedia&parent=308"}],"curies":[{"name":"wp","href":"https:\/\/api.w.org\/{rel}","templated":true}]}}